{"id":6,"date":"2023-05-11T18:28:03","date_gmt":"2023-05-11T18:28:03","guid":{"rendered":"https:\/\/schuetzenverein-oranienburg.de\/wp_svo\/?page_id=6"},"modified":"2023-10-09T09:40:20","modified_gmt":"2023-10-09T07:40:20","slug":"startseite","status":"publish","type":"page","link":"https:\/\/schuetzenverein-oranienburg.de\/","title":{"rendered":"Home"},"content":{"rendered":"\n<p>Willkommen auf den Seiten des Sch\u00fctzenvereins Oranienburg e.V.<br>\u00a0<br>Der Sch\u00fctzenverein Oranienburg wurde 2008 gegr\u00fcndet und besteht seitdem als eingetragener Verein.<\/p>\n\n\n\n<p>Wir sind dem Brandenburgischen Sch\u00fctzenbund und dem Bund Deutscher Sch\u00fctzen angeschlossen und bet\u00e4tigen uns in den Disziplinen nach den Sportordnungen des DSB und des Brandenburgischen Sch\u00fctzenbundes, sowie des BDS\u00b4s.<br>\u00a0\u00a0<br>Unser Verein hat sich der F\u00f6rderung des Schie\u00dfsportes und der Pflege des Sch\u00fctzenbrauchtums verpflichtet, wobei der Schie\u00dfsport eindeutig im Vordergrund steht.<\/p>\n","protected":false},"excerpt":{"rendered":"<p>Willkommen auf den Seiten des Sch\u00fctzenvereins Oranienburg e.V.\u00a0Der Sch\u00fctzenverein Oranienburg wurde 2008 gegr\u00fcndet und besteht seitdem als eingetragener Verein. Wir sind dem Brandenburgischen Sch\u00fctzenbund und dem Bund Deutscher Sch\u00fctzen angeschlossen und bet\u00e4tigen uns in den Disziplinen nach den Sportordnungen des DSB und des Brandenburgischen Sch\u00fctzenbundes, sowie des BDS\u00b4s.\u00a0\u00a0Unser Verein hat sich der F\u00f6rderung des Schie\u00dfsportes&hellip;&nbsp;<a href=\"https:\/\/schuetzenverein-oranienburg.de\/\" rel=\"bookmark\">Weiterlesen &raquo;<span class=\"screen-reader-text\">Home<\/span><\/a><\/p>\n","protected":false},"author":1,"featured_media":0,"parent":0,"menu_order":1,"comment_status":"closed","ping_status":"closed","template":"","meta":{"neve_meta_sidebar":"","neve_meta_container":"","neve_meta_enable_content_width":"on","neve_meta_content_width":100,"neve_meta_title_alignment":"","neve_meta_author_avatar":"","neve_post_elements_order":"","neve_meta_disable_header":"","neve_meta_disable_footer":"","neve_meta_disable_title":"on","footnotes":""},"class_list":["post-6","page","type-page","status-publish","hentry"],"_links":{"self":[{"href":"https:\/\/schuetzenverein-oranienburg.de\/index.php\/wp-json\/wp\/v2\/pages\/6","targetHints":{"allow":["GET"]}}],"collection":[{"href":"https:\/\/schuetzenverein-oranienburg.de\/index.php\/wp-json\/wp\/v2\/pages"}],"about":[{"href":"https:\/\/schuetzenverein-oranienburg.de\/index.php\/wp-json\/wp\/v2\/types\/page"}],"author":[{"embeddable":true,"href":"https:\/\/schuetzenverein-oranienburg.de\/index.php\/wp-json\/wp\/v2\/users\/1"}],"replies":[{"embeddable":true,"href":"https:\/\/schuetzenverein-oranienburg.de\/index.php\/wp-json\/wp\/v2\/comments?post=6"}],"version-history":[{"count":7,"href":"https:\/\/schuetzenverein-oranienburg.de\/index.php\/wp-json\/wp\/v2\/pages\/6\/revisions"}],"predecessor-version":[{"id":297,"href":"https:\/\/schuetzenverein-oranienburg.de\/index.php\/wp-json\/wp\/v2\/pages\/6\/revisions\/297"}],"wp:attachment":[{"href":"https:\/\/schuetzenverein-oranienburg.de\/index.php\/wp-json\/wp\/v2\/media?parent=6"}],"curies":[{"name":"wp","href":"https:\/\/api.w.org\/{rel}","templated":true}]}}